{"id":14072,"date":"2026-03-20T04:07:22","date_gmt":"2026-03-20T04:07:22","guid":{"rendered":"https:\/\/sellproductsboy.shop\/?post_type=product&#038;p=14072"},"modified":"2026-03-20T04:19:06","modified_gmt":"2026-03-20T04:19:06","slug":"merach-stepper-fur-das-training-treppe-mit-widerstandsbandern-mini-stepper-mit-330-pfund-ladekapazitat","status":"publish","type":"product","link":"https:\/\/sellproductsboy.shop\/de\/produkt\/merach-stepper-fur-das-training-treppe-mit-widerstandsbandern-mini-stepper-mit-330-pfund-ladekapazitat\/","title":{"rendered":"MERACH Stepper F\u00fcr Das Training, Treppe Mit Widerstandsb\u00e4ndern, Mini Stepper Mit 330 Pfund Ladekapazit\u00e4t"},"content":{"rendered":"<div data-elementor-type=\"product-post\" data-elementor-id=\"14072\" class=\"elementor elementor-14072\" data-elementor-post-type=\"product\">\n\t\t\t\t<div class=\"elementor-element elementor-element-65eaa7a7 e-flex e-con-boxed e-con e-parent\" data-id=\"65eaa7a7\" data-element_type=\"container\" data-settings=\"{&quot;ekit_has_onepagescroll_dot&quot;:&quot;yes&quot;}\">\n\t\t\t\t\t<div class=\"e-con-inner\">\n\t\t\t\t<div class=\"elementor-element elementor-element-3a7e1a8b elementor-widget elementor-widget-image\" data-id=\"3a7e1a8b\" data-element_type=\"widget\" data-settings=\"{&quot;ekit_we_effect_on&quot;:&quot;none&quot;}\" data-widget_type=\"image.default\">\n\t\t\t\t<div class=\"elementor-widget-container\">\n\t\t\t\t\t\t\t\t\t\t\t\t\t\t\t<img loading=\"lazy\" decoding=\"async\" width=\"1464\" height=\"600\" src=\"https:\/\/sellproductsboy.shop\/wp-content\/uploads\/2026\/03\/1-95.jpg\" class=\"attachment-full size-full wp-image-14083 wvs-archive-product-image\" alt=\"\" srcset=\"https:\/\/sellproductsboy.shop\/wp-content\/uploads\/2026\/03\/1-95.jpg 1464w, https:\/\/sellproductsboy.shop\/wp-content\/uploads\/2026\/03\/1-95-300x123.jpg 300w, https:\/\/sellproductsboy.shop\/wp-content\/uploads\/2026\/03\/1-95-1024x420.jpg 1024w, https:\/\/sellproductsboy.shop\/wp-content\/uploads\/2026\/03\/1-95-768x315.jpg 768w, https:\/\/sellproductsboy.shop\/wp-content\/uploads\/2026\/03\/1-95-18x7.jpg 18w, https:\/\/sellproductsboy.shop\/wp-content\/uploads\/2026\/03\/1-95-600x246.jpg 600w, https:\/\/sellproductsboy.shop\/wp-content\/uploads\/2026\/03\/1-95-1x1.jpg 1w, https:\/\/sellproductsboy.shop\/wp-content\/uploads\/2026\/03\/1-95-10x4.jpg 10w\" sizes=\"auto, (max-width: 1464px) 100vw, 1464px\" \/>\t\t\t\t\t\t\t\t\t\t\t\t\t\t\t<\/div>\n\t\t\t\t<\/div>\n\t\t\t\t<div class=\"elementor-element elementor-element-322bba20 elementor-widget elementor-widget-image\" data-id=\"322bba20\" data-element_type=\"widget\" data-settings=\"{&quot;ekit_we_effect_on&quot;:&quot;none&quot;}\" data-widget_type=\"image.default\">\n\t\t\t\t<div class=\"elementor-widget-container\">\n\t\t\t\t\t\t\t\t\t\t\t\t\t\t\t<img loading=\"lazy\" decoding=\"async\" width=\"1464\" height=\"600\" src=\"https:\/\/sellproductsboy.shop\/wp-content\/uploads\/2026\/03\/2-62.jpg\" class=\"attachment-full size-full wp-image-14084 wvs-archive-product-image\" alt=\"\" srcset=\"https:\/\/sellproductsboy.shop\/wp-content\/uploads\/2026\/03\/2-62.jpg 1464w, https:\/\/sellproductsboy.shop\/wp-content\/uploads\/2026\/03\/2-62-300x123.jpg 300w, https:\/\/sellproductsboy.shop\/wp-content\/uploads\/2026\/03\/2-62-1024x420.jpg 1024w, https:\/\/sellproductsboy.shop\/wp-content\/uploads\/2026\/03\/2-62-768x315.jpg 768w, https:\/\/sellproductsboy.shop\/wp-content\/uploads\/2026\/03\/2-62-18x7.jpg 18w, https:\/\/sellproductsboy.shop\/wp-content\/uploads\/2026\/03\/2-62-600x246.jpg 600w, https:\/\/sellproductsboy.shop\/wp-content\/uploads\/2026\/03\/2-62-1x1.jpg 1w, https:\/\/sellproductsboy.shop\/wp-content\/uploads\/2026\/03\/2-62-10x4.jpg 10w\" sizes=\"auto, (max-width: 1464px) 100vw, 1464px\" \/>\t\t\t\t\t\t\t\t\t\t\t\t\t\t\t<\/div>\n\t\t\t\t<\/div>\n\t\t\t\t<div class=\"elementor-element elementor-element-68b01c9e elementor-widget elementor-widget-image\" data-id=\"68b01c9e\" data-element_type=\"widget\" data-settings=\"{&quot;ekit_we_effect_on&quot;:&quot;none&quot;}\" data-widget_type=\"image.default\">\n\t\t\t\t<div class=\"elementor-widget-container\">\n\t\t\t\t\t\t\t\t\t\t\t\t\t\t\t<img loading=\"lazy\" decoding=\"async\" width=\"1464\" height=\"600\" src=\"https:\/\/sellproductsboy.shop\/wp-content\/uploads\/2026\/03\/3-59.jpg\" class=\"attachment-full size-full wp-image-14085 wvs-archive-product-image\" alt=\"\" srcset=\"https:\/\/sellproductsboy.shop\/wp-content\/uploads\/2026\/03\/3-59.jpg 1464w, https:\/\/sellproductsboy.shop\/wp-content\/uploads\/2026\/03\/3-59-300x123.jpg 300w, https:\/\/sellproductsboy.shop\/wp-content\/uploads\/2026\/03\/3-59-1024x420.jpg 1024w, https:\/\/sellproductsboy.shop\/wp-content\/uploads\/2026\/03\/3-59-768x315.jpg 768w, https:\/\/sellproductsboy.shop\/wp-content\/uploads\/2026\/03\/3-59-18x7.jpg 18w, https:\/\/sellproductsboy.shop\/wp-content\/uploads\/2026\/03\/3-59-600x246.jpg 600w, https:\/\/sellproductsboy.shop\/wp-content\/uploads\/2026\/03\/3-59-1x1.jpg 1w, https:\/\/sellproductsboy.shop\/wp-content\/uploads\/2026\/03\/3-59-10x4.jpg 10w\" sizes=\"auto, (max-width: 1464px) 100vw, 1464px\" \/>\t\t\t\t\t\t\t\t\t\t\t\t\t\t\t<\/div>\n\t\t\t\t<\/div>\n\t\t\t\t<div class=\"elementor-element elementor-element-8b7357e elementor--h-position-center elementor--v-position-middle elementor-arrows-position-inside elementor-pagination-position-inside elementor-widget elementor-widget-slides\" data-id=\"8b7357e\" data-element_type=\"widget\" data-settings=\"{&quot;navigation&quot;:&quot;both&quot;,&quot;autoplay&quot;:&quot;yes&quot;,&quot;pause_on_hover&quot;:&quot;yes&quot;,&quot;pause_on_interaction&quot;:&quot;yes&quot;,&quot;autoplay_speed&quot;:5000,&quot;infinite&quot;:&quot;yes&quot;,&quot;transition&quot;:&quot;slide&quot;,&quot;transition_speed&quot;:500,&quot;ekit_we_effect_on&quot;:&quot;none&quot;}\" data-widget_type=\"slides.default\">\n\t\t\t\t<div class=\"elementor-widget-container\">\n\t\t\t\t\t\t\t\t\t<div class=\"elementor-swiper\">\r\n\t\t\t\t\t<div class=\"elementor-slides-wrapper elementor-main-swiper swiper\" role=\"region\" aria-roledescription=\"carousel\" aria-label=\"Folien\" dir=\"ltr\" data-animation=\"fadeInUp\">\r\n\t\t\t\t<div class=\"swiper-wrapper elementor-slides\">\r\n\t\t\t\t\t\t\t\t\t\t<div class=\"elementor-repeater-item-191be84 swiper-slide\" role=\"group\" aria-roledescription=\"slide\"><div class=\"swiper-slide-bg\" role=\"img\" aria-label=\"4-47.jpg\"><\/div><div class=\"swiper-slide-inner\" ><div class=\"swiper-slide-contents\"><\/div><\/div><\/div><div class=\"elementor-repeater-item-d5f6c37 swiper-slide\" role=\"group\" aria-roledescription=\"slide\"><div class=\"swiper-slide-bg\" role=\"img\" aria-label=\"5-40.jpg\"><\/div><div class=\"swiper-slide-inner\" ><div class=\"swiper-slide-contents\"><\/div><\/div><\/div>\t\t\t\t<\/div>\r\n\t\t\t\t\t\t\t\t\t\t\t\t\t\t\t<div class=\"elementor-swiper-button elementor-swiper-button-prev\" role=\"button\" tabindex=\"0\" aria-label=\"Vorheriges Dia\">\r\n\t\t\t\t\t\t\t<svg aria-hidden=\"true\" class=\"e-font-icon-svg e-eicon-chevron-left\" viewbox=\"0 0 1000 1000\" xmlns=\"http:\/\/www.w3.org\/2000\/svg\"><path d=\"M646 125C629 125 613 133 604 142L308 442C296 454 292 471 292 487 292 504 296 521 308 533L604 854C617 867 629 875 646 875 663 875 679 871 692 858 704 846 713 829 713 812 713 796 708 779 692 767L438 487 692 225C700 217 708 204 708 187 708 171 704 154 692 142 675 129 663 125 646 125Z\"><\/path><\/svg>\t\t\t\t\t\t<\/div>\r\n\t\t\t\t\t\t<div class=\"elementor-swiper-button elementor-swiper-button-next\" role=\"button\" tabindex=\"0\" aria-label=\"N\u00e4chstes Dia\">\r\n\t\t\t\t\t\t\t<svg aria-hidden=\"true\" class=\"e-font-icon-svg e-eicon-chevron-right\" viewbox=\"0 0 1000 1000\" xmlns=\"http:\/\/www.w3.org\/2000\/svg\"><path d=\"M696 533C708 521 713 504 713 487 713 471 708 454 696 446L400 146C388 133 375 125 354 125 338 125 325 129 313 142 300 154 292 171 292 187 292 204 296 221 308 233L563 492 304 771C292 783 288 800 288 817 288 833 296 850 308 863 321 871 338 875 354 875 371 875 388 867 400 854L696 533Z\"><\/path><\/svg>\t\t\t\t\t\t<\/div>\r\n\t\t\t\t\t\t\t\t\t\t\t\t\t\t\t\t<div class=\"swiper-pagination\"><\/div>\r\n\t\t\t\t\t\t\t\t\t\t\t\t<\/div>\r\n\t\t\t\t<\/div>\r\n\t\t\t\t\t\t\t\t<\/div>\n\t\t\t\t<\/div>\n\t\t\t\t<div class=\"elementor-element elementor-element-557e338d elementor-widget elementor-widget-image\" data-id=\"557e338d\" data-element_type=\"widget\" data-settings=\"{&quot;ekit_we_effect_on&quot;:&quot;none&quot;}\" data-widget_type=\"image.default\">\n\t\t\t\t<div class=\"elementor-widget-container\">\n\t\t\t\t\t\t\t\t\t\t\t\t\t\t\t<img loading=\"lazy\" decoding=\"async\" width=\"1464\" height=\"600\" src=\"https:\/\/sellproductsboy.shop\/wp-content\/uploads\/2026\/03\/6-34.jpg\" class=\"attachment-full size-full wp-image-14088 wvs-archive-product-image\" alt=\"\" srcset=\"https:\/\/sellproductsboy.shop\/wp-content\/uploads\/2026\/03\/6-34.jpg 1464w, https:\/\/sellproductsboy.shop\/wp-content\/uploads\/2026\/03\/6-34-300x123.jpg 300w, https:\/\/sellproductsboy.shop\/wp-content\/uploads\/2026\/03\/6-34-1024x420.jpg 1024w, https:\/\/sellproductsboy.shop\/wp-content\/uploads\/2026\/03\/6-34-768x315.jpg 768w, https:\/\/sellproductsboy.shop\/wp-content\/uploads\/2026\/03\/6-34-18x7.jpg 18w, https:\/\/sellproductsboy.shop\/wp-content\/uploads\/2026\/03\/6-34-600x246.jpg 600w, https:\/\/sellproductsboy.shop\/wp-content\/uploads\/2026\/03\/6-34-1x1.jpg 1w, https:\/\/sellproductsboy.shop\/wp-content\/uploads\/2026\/03\/6-34-10x4.jpg 10w\" sizes=\"auto, (max-width: 1464px) 100vw, 1464px\" \/>\t\t\t\t\t\t\t\t\t\t\t\t\t\t\t<\/div>\n\t\t\t\t<\/div>\n\t\t\t\t<div class=\"elementor-element elementor-element-5056909c elementor-widget elementor-widget-image\" data-id=\"5056909c\" data-element_type=\"widget\" data-settings=\"{&quot;ekit_we_effect_on&quot;:&quot;none&quot;}\" data-widget_type=\"image.default\">\n\t\t\t\t<div class=\"elementor-widget-container\">\n\t\t\t\t\t\t\t\t\t\t\t\t\t\t\t<img loading=\"lazy\" decoding=\"async\" width=\"1464\" height=\"600\" src=\"https:\/\/sellproductsboy.shop\/wp-content\/uploads\/2026\/03\/7-18.jpg\" class=\"attachment-full size-full wp-image-14089 wvs-archive-product-image\" alt=\"\" srcset=\"https:\/\/sellproductsboy.shop\/wp-content\/uploads\/2026\/03\/7-18.jpg 1464w, https:\/\/sellproductsboy.shop\/wp-content\/uploads\/2026\/03\/7-18-300x123.jpg 300w, https:\/\/sellproductsboy.shop\/wp-content\/uploads\/2026\/03\/7-18-1024x420.jpg 1024w, https:\/\/sellproductsboy.shop\/wp-content\/uploads\/2026\/03\/7-18-768x315.jpg 768w, https:\/\/sellproductsboy.shop\/wp-content\/uploads\/2026\/03\/7-18-18x7.jpg 18w, https:\/\/sellproductsboy.shop\/wp-content\/uploads\/2026\/03\/7-18-600x246.jpg 600w, https:\/\/sellproductsboy.shop\/wp-content\/uploads\/2026\/03\/7-18-1x1.jpg 1w, https:\/\/sellproductsboy.shop\/wp-content\/uploads\/2026\/03\/7-18-10x4.jpg 10w\" sizes=\"auto, (max-width: 1464px) 100vw, 1464px\" \/>\t\t\t\t\t\t\t\t\t\t\t\t\t\t\t<\/div>\n\t\t\t\t<\/div>\n\t\t\t\t<div class=\"elementor-element elementor-element-4afe3e80 elementor--h-position-center elementor--v-position-middle elementor-arrows-position-inside elementor-pagination-position-inside elementor-widget elementor-widget-slides\" data-id=\"4afe3e80\" data-element_type=\"widget\" data-settings=\"{&quot;navigation&quot;:&quot;both&quot;,&quot;autoplay&quot;:&quot;yes&quot;,&quot;pause_on_hover&quot;:&quot;yes&quot;,&quot;pause_on_interaction&quot;:&quot;yes&quot;,&quot;autoplay_speed&quot;:5000,&quot;infinite&quot;:&quot;yes&quot;,&quot;transition&quot;:&quot;slide&quot;,&quot;transition_speed&quot;:500,&quot;ekit_we_effect_on&quot;:&quot;none&quot;}\" data-widget_type=\"slides.default\">\n\t\t\t\t<div class=\"elementor-widget-container\">\n\t\t\t\t\t\t\t\t\t<div class=\"elementor-swiper\">\r\n\t\t\t\t\t<div class=\"elementor-slides-wrapper elementor-main-swiper swiper\" role=\"region\" aria-roledescription=\"carousel\" aria-label=\"Folien\" dir=\"ltr\" data-animation=\"fadeInUp\">\r\n\t\t\t\t<div class=\"swiper-wrapper elementor-slides\">\r\n\t\t\t\t\t\t\t\t\t\t<div class=\"elementor-repeater-item-8ef842f swiper-slide\" role=\"group\" aria-roledescription=\"slide\"><div class=\"swiper-slide-bg\" role=\"img\" aria-label=\"8-11.jpg\"><\/div><div class=\"swiper-slide-inner\" ><div class=\"swiper-slide-contents\"><\/div><\/div><\/div><div class=\"elementor-repeater-item-e9a0887 swiper-slide\" role=\"group\" aria-roledescription=\"slide\"><div class=\"swiper-slide-bg\" role=\"img\" aria-label=\"9-11.jpg\"><\/div><div class=\"swiper-slide-inner\" ><div class=\"swiper-slide-contents\"><\/div><\/div><\/div>\t\t\t\t<\/div>\r\n\t\t\t\t\t\t\t\t\t\t\t\t\t\t\t<div class=\"elementor-swiper-button elementor-swiper-button-prev\" role=\"button\" tabindex=\"0\" aria-label=\"Vorheriges Dia\">\r\n\t\t\t\t\t\t\t<svg aria-hidden=\"true\" class=\"e-font-icon-svg e-eicon-chevron-left\" viewbox=\"0 0 1000 1000\" xmlns=\"http:\/\/www.w3.org\/2000\/svg\"><path d=\"M646 125C629 125 613 133 604 142L308 442C296 454 292 471 292 487 292 504 296 521 308 533L604 854C617 867 629 875 646 875 663 875 679 871 692 858 704 846 713 829 713 812 713 796 708 779 692 767L438 487 692 225C700 217 708 204 708 187 708 171 704 154 692 142 675 129 663 125 646 125Z\"><\/path><\/svg>\t\t\t\t\t\t<\/div>\r\n\t\t\t\t\t\t<div class=\"elementor-swiper-button elementor-swiper-button-next\" role=\"button\" tabindex=\"0\" aria-label=\"N\u00e4chstes Dia\">\r\n\t\t\t\t\t\t\t<svg aria-hidden=\"true\" class=\"e-font-icon-svg e-eicon-chevron-right\" viewbox=\"0 0 1000 1000\" xmlns=\"http:\/\/www.w3.org\/2000\/svg\"><path d=\"M696 533C708 521 713 504 713 487 713 471 708 454 696 446L400 146C388 133 375 125 354 125 338 125 325 129 313 142 300 154 292 171 292 187 292 204 296 221 308 233L563 492 304 771C292 783 288 800 288 817 288 833 296 850 308 863 321 871 338 875 354 875 371 875 388 867 400 854L696 533Z\"><\/path><\/svg>\t\t\t\t\t\t<\/div>\r\n\t\t\t\t\t\t\t\t\t\t\t\t\t\t\t\t<div class=\"swiper-pagination\"><\/div>\r\n\t\t\t\t\t\t\t\t\t\t\t\t<\/div>\r\n\t\t\t\t<\/div>\r\n\t\t\t\t\t\t\t\t<\/div>\n\t\t\t\t<\/div>\n\t\t\t\t<div class=\"elementor-element elementor-element-2e1e6d7a elementor-widget elementor-widget-text-editor\" data-id=\"2e1e6d7a\" data-element_type=\"widget\" data-settings=\"{&quot;ekit_we_effect_on&quot;:&quot;none&quot;}\" data-widget_type=\"text-editor.default\">\n\t\t\t\t<div class=\"elementor-widget-container\">\n\t\t\t\t\t\t\t\t\t<table class=\"specs-table\">\n    <tr>\n        <td>Produktdaten<\/td>\n        <td><\/td>\n    <\/tr>\n    <tr>\n        <td>Technische Details<\/td>\n        <td><\/td>\n    <\/tr>\n    <tr>\n        <td>Farbe<\/td>\n        <td>\n            <div class=\"color-indicator\">\n                <span class=\"color-dot blue\"><\/span>\n                <span class=\"color-name\">Blau<\/span>\n            <\/div>\n        <\/td>\n    <\/tr>\n    <tr>\n        <td>Gr\u00f6\u00dfe<\/td>\n        <td class=\"size-value\">16,1*13,7*6,9 Zoll<\/td>\n    <\/tr>\n    <tr>\n        <td>Stil<\/td>\n        <td><span class=\"style-badge\">blau-schwarz<\/span><\/td>\n    <\/tr>\n    <tr>\n        <td>Materialtyp<\/td>\n        <td>\n            <div class=\"materials-container\">\n                <span class=\"material-tag\">Acrylnitril-Butadien-Styrol (ABS)<\/span>\n                <span class=\"material-tag\">Legierter Stahl<\/span>\n            <\/div>\n        <\/td>\n    <\/tr>\n    <tr>\n        <td>enthaltene Komponenten<\/td>\n        <td>\n            <div class=\"components-container\">\n                <span class=\"component-item\">Benutzerhandbuch x1<\/span>\n                <span class=\"component-item\">Mini Stepper Maschine<\/span>\n                <span class=\"component-item\">Power Seile x2<\/span>\n            <\/div>\n        <\/td>\n    <\/tr>\n<\/table>\n\n<style>\n    .specs-table {\n        width: 100%;\n        border-collapse: collapse;\n        font-family: 'Segoe UI', Arial, sans-serif;\n        font-size: 14px;\n    }\n    .specs-table tr {\n        border-bottom: 1px solid #e0e0e0;\n    }\n    .specs-table td {\n        padding: 12px 0;\n        text-align: left;\n        vertical-align: top;\n    }\n    .specs-table td:first-child {\n        font-weight: 600;\n        width: 35%;\n        color: #2c3e50;\n    }\n    .specs-table td:last-child {\n        width: 65%;\n    }\n    .color-indicator {\n        display: flex;\n        align-items: center;\n        gap: 12px;\n    }\n    .color-dot {\n        width: 24px;\n        height: 24px;\n        border-radius: 50%;\n        display: inline-block;\n        border: 2px solid #f0f0f0;\n    }\n    .color-dot.blue {\n        background-color: #1e90ff;\n    }\n    .color-name {\n        font-weight: 600;\n        color: #333;\n    }\n    .size-value {\n        font-family: 'Consolas', 'Courier New', monospace;\n        font-weight: 600;\n        color: #333;\n    }\n    .style-badge {\n        background-color: #e3f2fd;\n        color: #1565c0;\n        padding: 8px 16px;\n        border-radius: 4px;\n        font-weight: 600;\n        display: inline-block;\n        border: 1px solid #bbdefb;\n    }\n    .materials-container {\n        display: flex;\n        flex-direction: column;\n        gap: 6px;\n    }\n    .material-tag {\n        background-color: #f5f5f5;\n        color: #424242;\n        padding: 6px 12px;\n        border-radius: 4px;\n        font-size: 13px;\n        display: inline-block;\n        border: 1px solid #e0e0e0;\n    }\n    .components-container {\n        display: flex;\n        flex-direction: column;\n        gap: 6px;\n    }\n    .component-item {\n        background-color: #e8f5e9;\n        color: #2e7d32;\n        padding: 6px 12px;\n        border-radius: 4px;\n        font-size: 13px;\n        display: inline-block;\n        border: 1px solid #c8e6c9;\n    }\n<\/style>\t\t\t\t\t\t\t\t<\/div>\n\t\t\t\t<\/div>\n\t\t\t\t\t<\/div>\n\t\t\t\t<\/div>\n\t\t\t\t<\/div>","protected":false},"excerpt":{"rendered":"<p>Produktdaten Technische Details Farbe \u200eBlau Gr\u00f6\u00dfe \u200e16,1*13,7*6,9 zoll Stil \u200eblau-schwarz Materialtyp Acrylnitril-Butadien-Styrol (ABS) Legierter Stahl enthaltene Komponenten Benutzerhandbuch x1 Mini&#8230;<\/p>","protected":false},"featured_media":14073,"comment_status":"open","ping_status":"closed","template":"","meta":{"_acf_changed":false},"etheme_brands":[],"product_brand":[],"product_cat":[118],"product_tag":[],"class_list":{"0":"post-14072","1":"product","2":"type-product","3":"status-publish","4":"has-post-thumbnail","6":"product_cat-sale-shop","8":"first","9":"instock","10":"sale","11":"shipping-taxable","12":"purchasable","13":"product-type-simple"},"acf":[],"_links":{"self":[{"href":"https:\/\/sellproductsboy.shop\/de\/wp-json\/wp\/v2\/product\/14072","targetHints":{"allow":["GET"]}}],"collection":[{"href":"https:\/\/sellproductsboy.shop\/de\/wp-json\/wp\/v2\/product"}],"about":[{"href":"https:\/\/sellproductsboy.shop\/de\/wp-json\/wp\/v2\/types\/product"}],"replies":[{"embeddable":true,"href":"https:\/\/sellproductsboy.shop\/de\/wp-json\/wp\/v2\/comments?post=14072"}],"version-history":[{"count":4,"href":"https:\/\/sellproductsboy.shop\/de\/wp-json\/wp\/v2\/product\/14072\/revisions"}],"predecessor-version":[{"id":14099,"href":"https:\/\/sellproductsboy.shop\/de\/wp-json\/wp\/v2\/product\/14072\/revisions\/14099"}],"wp:featuredmedia":[{"embeddable":true,"href":"https:\/\/sellproductsboy.shop\/de\/wp-json\/wp\/v2\/media\/14073"}],"wp:attachment":[{"href":"https:\/\/sellproductsboy.shop\/de\/wp-json\/wp\/v2\/media?parent=14072"}],"wp:term":[{"taxonomy":"brand","embeddable":true,"href":"https:\/\/sellproductsboy.shop\/de\/wp-json\/wp\/v2\/etheme_brands?post=14072"},{"taxonomy":"product_brand","embeddable":true,"href":"https:\/\/sellproductsboy.shop\/de\/wp-json\/wp\/v2\/product_brand?post=14072"},{"taxonomy":"product_cat","embeddable":true,"href":"https:\/\/sellproductsboy.shop\/de\/wp-json\/wp\/v2\/product_cat?post=14072"},{"taxonomy":"product_tag","embeddable":true,"href":"https:\/\/sellproductsboy.shop\/de\/wp-json\/wp\/v2\/product_tag?post=14072"}],"curies":[{"name":"wp","href":"https:\/\/api.w.org\/{rel}","templated":true}]}}